{"id":129,"date":"2021-11-03T09:53:10","date_gmt":"2021-11-03T08:53:10","guid":{"rendered":"http:\/\/akromegalia.org.pl\/?page_id=129"},"modified":"2021-12-09T14:29:01","modified_gmt":"2021-12-09T13:29:01","slug":"portal-edukacyjny-akromegalia-edu-pl-2","status":"publish","type":"page","link":"http:\/\/akromegalia.org.pl\/?page_id=129","title":{"rendered":"PORTAL EDUKACYJNY AKROMEGALIA.EDU.PL"},"content":{"rendered":"\n<h3 class=\"wp-block-heading\">Portal edukacyjny jest adresowany do chorych na akromegali\u0119 oraz ich najbli\u017cszego otoczenia. To kompendium przyst\u0119pnie podanej wiedzy o tej chorobie.<\/h3>\n\n\n\n<p> W portalu znajduj\u0105 si\u0119 informacje na temat:  <\/p>\n\n\n\n<ul class=\"wp-block-list\"><li>jako\u015bci \u017cycia z akromegali\u0105 wraz z poradami dotycz\u0105cymi akceptacji choroby, adaptacji do niej i radzenia sobie z trudno\u015bciami emocjonalnymi<\/li><li>objaw\u00f3w wskazuj\u0105cych na depresj\u0119 i wymagaj\u0105cych wsparcia lekarza specjalisty<\/li><li>aktywnego i dostosowanego do mo\u017cliwo\u015bci chorego wysi\u0142ku fizycznego oraz rehabilitacji, kt\u00f3re s\u0105 bardzo wa\u017cne w ca\u0142ym procesie terapeutycznym i nios\u0105 wiele korzy\u015bci<\/li><li>zalece\u0144 \u017cywieniowych, stanu od\u017cywiania, stosowania odpowiedniej diety maj\u0105cej wp\u0142yw na nasze zdrowie oraz na komfort \u017cycia z chorob\u0105<\/li><li>objaw\u00f3w akromegalii, diagnostyki, leczenia oraz zaburze\u0144 gospodarki w\u0119glowodanowej, kt\u00f3re mog\u0105 wyst\u0119powa\u0107 w chorobie<\/li><\/ul>\n\n\n\n<p><\/p>\n\n\n\n<p> <strong>Link do portalu edukacyjnego:<\/strong> <\/p>\n\n\n\n<h2 class=\"wp-block-heading\"> <a href=\"http:\/\/akromegalia.edu.pl\" target=\"_blank\" rel=\"noreferrer noopener\">akromegalia.edu.pl<\/a> <\/h2>\n","protected":false},"excerpt":{"rendered":"<p>Portal edukacyjny jest adresowany do chorych na akromegali\u0119 oraz ich najbli\u017cszego otoczenia. To kompendium przyst\u0119pnie podanej wiedzy o tej chorobie. W portalu znajduj\u0105 si\u0119 informacje na temat: jako\u015bci \u017cycia z akromegali\u0105 wraz z poradami dotycz\u0105cymi akceptacji choroby, adaptacji do niej [&hellip;]<\/p>\n","protected":false},"author":1,"featured_media":120,"parent":0,"menu_order":0,"comment_status":"closed","ping_status":"closed","template":"","meta":{"_uag_custom_page_level_css":"","footnotes":""},"class_list":["post-129","page","type-page","status-publish","has-post-thumbnail","hentry"],"yoast_head":"<!-- This site is optimized with the Yoast SEO plugin v27.4 - https:\/\/yoast.com\/product\/yoast-seo-wordpress\/ -->\n<title>PORTAL EDUKACYJNY AKROMEGALIA.EDU.PL -<\/title>\n<meta name=\"description\" content=\"Portal edukacyjny jest adresowany do chorych na akromegali\u0119 oraz ich najbli\u017cszego otoczenia. To kompendium przyst\u0119pnie podanej wiedzy o tej chorobie.\" \/>\n<meta name=\"robots\" content=\"index, follow, max-snippet:-1, max-image-preview:large, max-video-preview:-1\" \/>\n<link rel=\"canonical\" href=\"http:\/\/akromegalia.org.pl\/?page_id=129\" \/>\n<meta property=\"og:locale\" content=\"pl_PL\" \/>\n<meta property=\"og:type\" content=\"article\" \/>\n<meta property=\"og:title\" content=\"PORTAL EDUKACYJNY AKROMEGALIA.EDU.PL -\" \/>\n<meta property=\"og:description\" content=\"Portal edukacyjny jest adresowany do chorych na akromegali\u0119 oraz ich najbli\u017cszego otoczenia. To kompendium przyst\u0119pnie podanej wiedzy o tej chorobie.\" \/>\n<meta property=\"og:url\" content=\"http:\/\/akromegalia.org.pl\/?page_id=129\" \/>\n<meta property=\"article:modified_time\" content=\"2021-12-09T13:29:01+00:00\" \/>\n<meta property=\"og:image\" content=\"http:\/\/akromegalia.org.pl\/wp-content\/uploads\/2021\/11\/Akromegalia_infografika.jpg\" \/>\n\t<meta property=\"og:image:width\" content=\"1200\" \/>\n\t<meta property=\"og:image:height\" content=\"900\" \/>\n\t<meta property=\"og:image:type\" content=\"image\/jpeg\" \/>\n<meta name=\"twitter:card\" content=\"summary_large_image\" \/>\n<meta name=\"twitter:label1\" content=\"Szacowany czas czytania\" \/>\n\t<meta name=\"twitter:data1\" content=\"1 minuta\" \/>\n<script type=\"application\/ld+json\" class=\"yoast-schema-graph\">{\"@context\":\"https:\\\/\\\/schema.org\",\"@graph\":[{\"@type\":\"WebPage\",\"@id\":\"http:\\\/\\\/akromegalia.org.pl\\\/?page_id=129\",\"url\":\"http:\\\/\\\/akromegalia.org.pl\\\/?page_id=129\",\"name\":\"PORTAL EDUKACYJNY AKROMEGALIA.EDU.PL -\",\"isPartOf\":{\"@id\":\"http:\\\/\\\/akromegalia.org.pl\\\/#website\"},\"primaryImageOfPage\":{\"@id\":\"http:\\\/\\\/akromegalia.org.pl\\\/?page_id=129#primaryimage\"},\"image\":{\"@id\":\"http:\\\/\\\/akromegalia.org.pl\\\/?page_id=129#primaryimage\"},\"thumbnailUrl\":\"http:\\\/\\\/akromegalia.org.pl\\\/wp-content\\\/uploads\\\/2021\\\/11\\\/Akromegalia_infografika.jpg\",\"datePublished\":\"2021-11-03T08:53:10+00:00\",\"dateModified\":\"2021-12-09T13:29:01+00:00\",\"description\":\"Portal edukacyjny jest adresowany do chorych na akromegali\u0119 oraz ich najbli\u017cszego otoczenia. To kompendium przyst\u0119pnie podanej wiedzy o tej chorobie.\",\"breadcrumb\":{\"@id\":\"http:\\\/\\\/akromegalia.org.pl\\\/?page_id=129#breadcrumb\"},\"inLanguage\":\"pl-PL\",\"potentialAction\":[{\"@type\":\"ReadAction\",\"target\":[\"http:\\\/\\\/akromegalia.org.pl\\\/?page_id=129\"]}]},{\"@type\":\"ImageObject\",\"inLanguage\":\"pl-PL\",\"@id\":\"http:\\\/\\\/akromegalia.org.pl\\\/?page_id=129#primaryimage\",\"url\":\"http:\\\/\\\/akromegalia.org.pl\\\/wp-content\\\/uploads\\\/2021\\\/11\\\/Akromegalia_infografika.jpg\",\"contentUrl\":\"http:\\\/\\\/akromegalia.org.pl\\\/wp-content\\\/uploads\\\/2021\\\/11\\\/Akromegalia_infografika.jpg\",\"width\":1200,\"height\":900},{\"@type\":\"BreadcrumbList\",\"@id\":\"http:\\\/\\\/akromegalia.org.pl\\\/?page_id=129#breadcrumb\",\"itemListElement\":[{\"@type\":\"ListItem\",\"position\":1,\"name\":\"Home\",\"item\":\"http:\\\/\\\/akromegalia.org.pl\\\/\"},{\"@type\":\"ListItem\",\"position\":2,\"name\":\"PORTAL EDUKACYJNY AKROMEGALIA.EDU.PL\"}]},{\"@type\":\"WebSite\",\"@id\":\"http:\\\/\\\/akromegalia.org.pl\\\/#website\",\"url\":\"http:\\\/\\\/akromegalia.org.pl\\\/\",\"name\":\"\",\"description\":\"Stowarzyszenie Chorych z Akromegali\u0105 i Os\u00f3b Wspieraj\u0105cych\",\"potentialAction\":[{\"@type\":\"SearchAction\",\"target\":{\"@type\":\"EntryPoint\",\"urlTemplate\":\"http:\\\/\\\/akromegalia.org.pl\\\/?s={search_term_string}\"},\"query-input\":{\"@type\":\"PropertyValueSpecification\",\"valueRequired\":true,\"valueName\":\"search_term_string\"}}],\"inLanguage\":\"pl-PL\"}]}<\/script>\n<!-- \/ Yoast SEO plugin. -->","yoast_head_json":{"title":"PORTAL EDUKACYJNY AKROMEGALIA.EDU.PL -","description":"Portal edukacyjny jest adresowany do chorych na akromegali\u0119 oraz ich najbli\u017cszego otoczenia. To kompendium przyst\u0119pnie podanej wiedzy o tej chorobie.","robots":{"index":"index","follow":"follow","max-snippet":"max-snippet:-1","max-image-preview":"max-image-preview:large","max-video-preview":"max-video-preview:-1"},"canonical":"http:\/\/akromegalia.org.pl\/?page_id=129","og_locale":"pl_PL","og_type":"article","og_title":"PORTAL EDUKACYJNY AKROMEGALIA.EDU.PL -","og_description":"Portal edukacyjny jest adresowany do chorych na akromegali\u0119 oraz ich najbli\u017cszego otoczenia. To kompendium przyst\u0119pnie podanej wiedzy o tej chorobie.","og_url":"http:\/\/akromegalia.org.pl\/?page_id=129","article_modified_time":"2021-12-09T13:29:01+00:00","og_image":[{"width":1200,"height":900,"url":"http:\/\/akromegalia.org.pl\/wp-content\/uploads\/2021\/11\/Akromegalia_infografika.jpg","type":"image\/jpeg"}],"twitter_card":"summary_large_image","twitter_misc":{"Szacowany czas czytania":"1 minuta"},"schema":{"@context":"https:\/\/schema.org","@graph":[{"@type":"WebPage","@id":"http:\/\/akromegalia.org.pl\/?page_id=129","url":"http:\/\/akromegalia.org.pl\/?page_id=129","name":"PORTAL EDUKACYJNY AKROMEGALIA.EDU.PL -","isPartOf":{"@id":"http:\/\/akromegalia.org.pl\/#website"},"primaryImageOfPage":{"@id":"http:\/\/akromegalia.org.pl\/?page_id=129#primaryimage"},"image":{"@id":"http:\/\/akromegalia.org.pl\/?page_id=129#primaryimage"},"thumbnailUrl":"http:\/\/akromegalia.org.pl\/wp-content\/uploads\/2021\/11\/Akromegalia_infografika.jpg","datePublished":"2021-11-03T08:53:10+00:00","dateModified":"2021-12-09T13:29:01+00:00","description":"Portal edukacyjny jest adresowany do chorych na akromegali\u0119 oraz ich najbli\u017cszego otoczenia. To kompendium przyst\u0119pnie podanej wiedzy o tej chorobie.","breadcrumb":{"@id":"http:\/\/akromegalia.org.pl\/?page_id=129#breadcrumb"},"inLanguage":"pl-PL","potentialAction":[{"@type":"ReadAction","target":["http:\/\/akromegalia.org.pl\/?page_id=129"]}]},{"@type":"ImageObject","inLanguage":"pl-PL","@id":"http:\/\/akromegalia.org.pl\/?page_id=129#primaryimage","url":"http:\/\/akromegalia.org.pl\/wp-content\/uploads\/2021\/11\/Akromegalia_infografika.jpg","contentUrl":"http:\/\/akromegalia.org.pl\/wp-content\/uploads\/2021\/11\/Akromegalia_infografika.jpg","width":1200,"height":900},{"@type":"BreadcrumbList","@id":"http:\/\/akromegalia.org.pl\/?page_id=129#breadcrumb","itemListElement":[{"@type":"ListItem","position":1,"name":"Home","item":"http:\/\/akromegalia.org.pl\/"},{"@type":"ListItem","position":2,"name":"PORTAL EDUKACYJNY AKROMEGALIA.EDU.PL"}]},{"@type":"WebSite","@id":"http:\/\/akromegalia.org.pl\/#website","url":"http:\/\/akromegalia.org.pl\/","name":"","description":"Stowarzyszenie Chorych z Akromegali\u0105 i Os\u00f3b Wspieraj\u0105cych","potentialAction":[{"@type":"SearchAction","target":{"@type":"EntryPoint","urlTemplate":"http:\/\/akromegalia.org.pl\/?s={search_term_string}"},"query-input":{"@type":"PropertyValueSpecification","valueRequired":true,"valueName":"search_term_string"}}],"inLanguage":"pl-PL"}]}},"uagb_featured_image_src":{"full":["http:\/\/akromegalia.org.pl\/wp-content\/uploads\/2021\/11\/Akromegalia_infografika.jpg",1200,900,false],"thumbnail":["http:\/\/akromegalia.org.pl\/wp-content\/uploads\/2021\/11\/Akromegalia_infografika-150x150.jpg",150,150,true],"medium":["http:\/\/akromegalia.org.pl\/wp-content\/uploads\/2021\/11\/Akromegalia_infografika-300x225.jpg",300,225,true],"medium_large":["http:\/\/akromegalia.org.pl\/wp-content\/uploads\/2021\/11\/Akromegalia_infografika-768x576.jpg",640,480,true],"large":["http:\/\/akromegalia.org.pl\/wp-content\/uploads\/2021\/11\/Akromegalia_infografika-1024x768.jpg",640,480,true],"1536x1536":["http:\/\/akromegalia.org.pl\/wp-content\/uploads\/2021\/11\/Akromegalia_infografika.jpg",1200,900,false],"2048x2048":["http:\/\/akromegalia.org.pl\/wp-content\/uploads\/2021\/11\/Akromegalia_infografika.jpg",1200,900,false],"post-thumbnail":["http:\/\/akromegalia.org.pl\/wp-content\/uploads\/2021\/11\/Akromegalia_infografika-500x500.jpg",500,500,true],"bizbell-blog":["http:\/\/akromegalia.org.pl\/wp-content\/uploads\/2021\/11\/Akromegalia_infografika-360x270.jpg",360,270,true],"bizbell-gallery":["http:\/\/akromegalia.org.pl\/wp-content\/uploads\/2021\/11\/Akromegalia_infografika-500x500.jpg",500,500,true],"bizbell-testimonial":["http:\/\/akromegalia.org.pl\/wp-content\/uploads\/2021\/11\/Akromegalia_infografika-320x400.jpg",320,400,true],"bizbell-team":["http:\/\/akromegalia.org.pl\/wp-content\/uploads\/2021\/11\/Akromegalia_infografika-250x250.jpg",250,250,true]},"uagb_author_info":{"display_name":"adminanna","author_link":"http:\/\/akromegalia.org.pl\/?author=1"},"uagb_comment_info":0,"uagb_excerpt":"Portal edukacyjny jest adresowany do chorych na akromegali\u0119 oraz ich najbli\u017cszego otoczenia. To kompendium przyst\u0119pnie podanej wiedzy o tej chorobie. W portalu znajduj\u0105 si\u0119 informacje na temat: jako\u015bci \u017cycia z akromegali\u0105 wraz z poradami dotycz\u0105cymi akceptacji choroby, adaptacji do niej [&hellip;]","_links":{"self":[{"href":"http:\/\/akromegalia.org.pl\/index.php?rest_route=\/wp\/v2\/pages\/129","targetHints":{"allow":["GET"]}}],"collection":[{"href":"http:\/\/akromegalia.org.pl\/index.php?rest_route=\/wp\/v2\/pages"}],"about":[{"href":"http:\/\/akromegalia.org.pl\/index.php?rest_route=\/wp\/v2\/types\/page"}],"author":[{"embeddable":true,"href":"http:\/\/akromegalia.org.pl\/index.php?rest_route=\/wp\/v2\/users\/1"}],"replies":[{"embeddable":true,"href":"http:\/\/akromegalia.org.pl\/index.php?rest_route=%2Fwp%2Fv2%2Fcomments&post=129"}],"version-history":[{"count":2,"href":"http:\/\/akromegalia.org.pl\/index.php?rest_route=\/wp\/v2\/pages\/129\/revisions"}],"predecessor-version":[{"id":190,"href":"http:\/\/akromegalia.org.pl\/index.php?rest_route=\/wp\/v2\/pages\/129\/revisions\/190"}],"wp:featuredmedia":[{"embeddable":true,"href":"http:\/\/akromegalia.org.pl\/index.php?rest_route=\/wp\/v2\/media\/120"}],"wp:attachment":[{"href":"http:\/\/akromegalia.org.pl\/index.php?rest_route=%2Fwp%2Fv2%2Fmedia&parent=129"}],"curies":[{"name":"wp","href":"https:\/\/api.w.org\/{rel}","templated":true}]}}