{"id":46,"date":"2021-10-25T12:29:58","date_gmt":"2021-10-25T10:29:58","guid":{"rendered":"http:\/\/akromegalia.org.pl\/?page_id=46"},"modified":"2021-12-13T09:54:41","modified_gmt":"2021-12-13T08:54:41","slug":"nasze-historie","status":"publish","type":"page","link":"http:\/\/akromegalia.org.pl\/?page_id=46","title":{"rendered":"NASZE HISTORIE"},"content":{"rendered":"\n<div class=\"wp-block-image\"><figure class=\"alignleft size-medium\"><img loading=\"lazy\" decoding=\"async\" width=\"300\" height=\"207\" src=\"http:\/\/akromegalia.org.pl\/wp-content\/uploads\/2021\/12\/orange-300x207.jpg\" alt=\"\" class=\"wp-image-207\" srcset=\"http:\/\/akromegalia.org.pl\/wp-content\/uploads\/2021\/12\/orange-300x207.jpg 300w, http:\/\/akromegalia.org.pl\/wp-content\/uploads\/2021\/12\/orange.jpg 640w\" sizes=\"auto, (max-width: 300px) 100vw, 300px\" \/><\/figure><\/div>\n\n\n\n<p><strong>Moja \u201eprzygoda\u201d z akromegali\u0105 zacz\u0119\u0142a si\u0119 ju\u017c w szkole \u015bredniej ( ok. 1992r ). D\u0142ugie r\u0119ce i d\u0142ugie nogi sprawia\u0142y jednak tylko k\u0142opot techniczny: mia\u0142am k\u0142opot z zakupem ubra\u0144.<\/strong><\/p>\n\n\n\n<p>Po&nbsp; liceum zauwa\u017cy\u0142am, \u017ce cz\u0119sto mam <strong>nabrzmia\u0142e, opuchni\u0119te d\u0142onie<\/strong>. Posz\u0142am do internisty, ale poniewa\u017c akurat podj\u0119\u0142am prac\u0119 biurow\u0105 z\u0142o\u017cy\u0142 to na nieprawid\u0142owy uk\u0142ad r\u0105k podczas pisania na klawiaturze. Ma\u015bci nie pomaga\u0142y a ja nie potrafi\u0142am inaczej pisa\u0107, wi\u0119c da\u0142am sobie spok\u00f3j z lekami. (P\u00f3\u017aniej niestety ich stan pogorszy\u0142 si\u0119: <strong>by\u0142y coraz wi\u0119ksze, bola\u0142y, piek\u0142y i nie da\u0142y si\u0119 zacisn\u0105\u0107 w pi\u0119\u015b\u0107<\/strong>. A raczej pi\u0119\u015b\u0107 wygl\u0105da\u0142a jak p\u00f3l bochenka chleba. Ale to ju\u017c w 2001r).<\/p>\n\n\n\n<h2 class=\"wp-block-heading\">Pier\u015bcionki, kt\u00f3rych i tak prawie nie nosi\u0142am, posz\u0142y w odstawk\u0119.<\/h2>\n\n\n\n<p><strong>Ci\u0105gle ros\u0142a mi stopa<\/strong>, ale poniewa\u017c by\u0142am wysoka, specjalnie si\u0119 temu nie dziwi\u0142am. Przy wzro\u015bcie 182cm dosz\u0142am do nr 42. Zreszt\u0105 problemem zazwyczaj nie by\u0142a ich d\u0142ugo\u015b\u0107, ale szeroko\u015b\u0107 i wysoko\u015b\u0107.<\/p>\n\n\n\n<p>P\u00f3\u017aniej zacz\u0119\u0142y mnie <strong>bole\u0107 stawy<\/strong>. Szczeg\u00f3lnie<strong> kolana<\/strong> &#8211; najbardziej podczas unieruchomienia. Wytrwanie bez ruchu p\u00f3\u0142 godziny w pozycji siedz\u0105cej sta\u0142o si\u0119 niemo\u017cliwo\u015bci\u0105 \u2013 musia\u0142am w tym czasie kilkakrotnie wsta\u0107 lub chocia\u017c wyci\u0105gn\u0105\u0107 nogi. Z tego powodu d\u0142u\u017csza jazda samochodem sta\u0142a si\u0119 koszmarem.<\/p>\n\n\n\n<p>Patrzy\u0142am w lustro i widzia\u0142am w wielkiej twarzy du\u017cy, <strong>kartoflowaty nos<\/strong>. Ale c\u00f3\u017c, \u201eNie ka\u017cdy mo\u017ce by\u0107 pi\u0119kny\u201d \u2013 my\u015bla\u0142am. W sklepie ekspedientki wita\u0142y mnie s\u0142owami \u201es\u0142ucham pana\u201d. Pocz\u0105tkowo traktowa\u0142am to jak \u015bwietny dowcip, potem by\u0142o to po prostu przykre. Do tego dosz\u0142y <strong>problemy z cer\u0105<\/strong>: ci\u0105gle jakie\u015b wypryski i zmiany. Nawet gdy nic nie robi\u0142am <strong>poci\u0142am si\u0119<\/strong> jak nikt inny (zar\u00f3wno w dzie\u0144 i w nocy<strong>) Zlewne poty<\/strong> sta\u0142y si\u0119 codzienno\u015bci\u0105.<\/p>\n\n\n\n<p>W nocy zacz\u0119\u0142am mie\u0107 koszmary: \u017ce si\u0119 dusz\u0119 lub topi\u0119. Budzi\u0142am si\u0119 g\u0142\u0119boko \u0142api\u0105c powietrze. Tak naprawd\u0119 do ko\u0144ca nie zdawa\u0142a sobie sprawy, \u017ce to z <strong>powodu bezdechu nocnego<\/strong>.<\/p>\n\n\n\n<h2 class=\"wp-block-heading\">Ci\u0105g\u0142e b\u00f3le kr\u0119gos\u0142upa zwala\u0142am na siedz\u0105c\u0105 prac\u0119 i brak regularnego ruchu.<\/h2>\n\n\n\n<p>Na sporadyczne <strong>b\u00f3le g\u0142owy <\/strong>(u mnie nie by\u0142y bardzo uci\u0105\u017cliwe) bra\u0142am tabletki i jako\u015b przechodzi\u0142y.<\/p>\n\n\n\n<p>Z powodu <strong>braku miesi\u0105czki<\/strong> odwiedzi\u0142am ginekologa. Pani doktor zwr\u00f3ci\u0142a jeszcze uwag\u0119 na <strong>nadmierne i ciemne ow\u0142osienie<\/strong>, ale dosta\u0142am tylko Dian\u0119. Poniewa\u017c tabletek antykoncepcyjnych jako takich nie potrzebowa\u0142am, to po kilku miesi\u0105cach zrezygnowa\u0142am z nich.<\/p>\n\n\n\n<p><strong>Opuchni\u0119cie ca\u0142ego cia\u0142a i nadwag\u0119<\/strong> wi\u0105za\u0142am raczej z siedz\u0105cym trybem \u017cycia, tak samo jak <strong>szybkie m\u0119czenie si\u0119.<\/strong><\/p>\n\n\n\n<p>Do tego bardzo cz\u0119sto nawiedza\u0142y mnie <strong>infekcje ucha<\/strong>, <strong>czyraki<\/strong>. Kole\u017canki maj\u0105ce dzieci \u015bmia\u0142y si\u0119, \u017ce choruj\u0119 na dzieci\u0119ce choroby. Jedna z nich, zwr\u00f3ci\u0142a uwag\u0119, \u017ce <strong>zmieni\u0142 mi si\u0119 g\u0142os.<\/strong><\/p>\n\n\n\n<p>Zdarza\u0142o si\u0119, \u017ce bezwiednie silnie zaciska\u0142am z\u0119by. Gdy powiedzia\u0142am dentystce, \u017ce mam czasami co\u015b jakby \u0142agodny szcz\u0119ko\u015bcisk, to tylko serdecznie si\u0119 u\u015bmia\u0142a. <strong>Szersze szpary mi\u0119dzy z\u0119bami<\/strong> te\u017c nie wzbudzi\u0142y jej zainteresowania.<\/p>\n\n\n\n<p>Nosz\u0119 okulary od szko\u0142y podstawowej, wi\u0119c nie zwr\u00f3ci\u0142am specjalnej uwagi, \u017ce widz\u0119 tylko na wprost a widzenia bocznego praktycznie nie mam (<strong>mia\u0142am zanik widzenia w p\u0142atach skroniowych)<\/strong>.<\/p>\n\n\n\n<p>Na koniec zacz\u0119\u0142y si\u0119 kolejne problemy: <strong>nadci\u015bnienie, hemoroidy<\/strong>, <strong>zawroty g\u0142owy i ciemno\u015b\u0107 przed oczami<\/strong> przy ka\u017cdym pochyleniu.<\/p>\n\n\n\n<h2 class=\"wp-block-heading\">W wieku dwudziestu kilku lat objaw\u00f3w i dolegliwo\u015bci mia\u0142am wi\u0119c tyle, \u017ce sama zacz\u0119\u0142am podejrzewa\u0107 si\u0119 o hipochondri\u0119.<\/h2>\n\n\n\n<p>Na szcz\u0119\u015bcie na pocz\u0105tku 2001r trafi\u0142am w swoim o\u015brodku zdrowia na internist\u0119, u kt\u00f3rego jeszcze nie by\u0142am \u2013 dr. Ewarda Kr\u00f3laka. Okaza\u0142 si\u0119 koleg\u0105 ze studi\u00f3w profesora Stefana Zgliczy\u0144skiego, specjalisty od akromegalii. Na &#8222;dzie\u0144 dobry&#8221; powiedzia\u0142 co mi jest. Zleci\u0142 oczywi\u015bcie dodatkowe badania, ale nazwa\u0142 je tylko formalno\u015bci\u0105. Od tej chwili wszystko posz\u0142o ju\u017c szybko: po 3 miesi\u0105cach oczekiwania mia\u0142am wizyt\u0119 w Poradni Endokrynologicznej u profesora St. Zgliczy\u0144skiego, potem diagnostyka i przygotowanie do operacji pod okiem doktor\u00f3w:&nbsp; Piotra Zdunowskiego i Wojciecha Zgliczy\u0144skiego. Operacj\u0119 we wrze\u015bniu 2001r przeprowadzi\u0142 dr Grzegorz Zieli\u0144ski.<\/p>\n\n\n\n<p>Po operacji praktycznie wszystkie objawy chorobowe ust\u0105pi\u0142y albo bardzo z\u0142agodnia\u0142y. Kto\u015b inny powiedzia\u0142by, \u017ce czu\u0142am si\u0119 jak ka\u017cdy normalny m\u0142ody cz\u0142owiek \u2013 ja jednak powiem, \u017ce czu\u0142am si\u0119 jak \u201em\u0142ody b\u00f3g\u201d. I za to b\u0119d\u0119 wszystkim lekarzom dozgonnie wdzi\u0119czna.<\/p>\n\n\n\n<p>Od 2005r poziomy GH i IGF-1 uleg\u0142y podwy\u017cszeniu. Do dzi\u015b przyjmuj\u0119 analog somatostatyny hamuj\u0105cy wydzielanie hormon\u00f3w wzrostu oraz hydrokortyzon wspieraj\u0105cy prac\u0119 kory nadnerczy.<\/p>\n\n\n\n<p>\u201eTl\u0105ca\u201d si\u0119 akromegalia wymaga sta\u0142ej kontroli endokrynologicznej, ale dzi\u0119ki lekom mog\u0119 prowadzi\u0107 normalne \u017cycie rodzinne i zawodowe.<\/p>\n\n\n\n<h2 class=\"wp-block-heading\">Na koniec kilka uwag.<\/h2>\n\n\n\n<p>Ka\u017cdy chory z akromegali\u0105, czy to po operacji zako\u0144czonej ca\u0142kowitym sukcesem, czy te\u017c z \u201etl\u0105c\u0105 si\u0119\u201d chorob\u0105 w \u017cadnym razie nie powinien zaniedbywa\u0107 swojego zdrowia. Zazwyczaj wieloletnie dzia\u0142anie hormonu wzrostu na stawy, ko\u015bci, narz\u0105dy wewn\u0119trzne (serce, p\u0142uca, trzustk\u0119, w\u0105trob\u0119) oraz uk\u0142ad hormonalny spowodowa\u0142o, \u017ce s\u0105 one bardziej podatne na zmiany chorobowe. <strong>Pami\u0119tajcie, \u017ce dbaj\u0105c o siebie dbamy o swoich bliskich. Potrzebni jeste\u015bmy im u\u015bmiechni\u0119ci, szcz\u0119\u015bliwi, silni i zdrowi!<\/strong><\/p>\n\n\n\n<p>Kasia<\/p>\n","protected":false},"excerpt":{"rendered":"<p>Moja \u201eprzygoda\u201d z akromegali\u0105 zacz\u0119\u0142a si\u0119 ju\u017c w szkole \u015bredniej ( ok. 1992r ). D\u0142ugie r\u0119ce i d\u0142ugie nogi sprawia\u0142y jednak tylko k\u0142opot techniczny: mia\u0142am k\u0142opot z zakupem ubra\u0144. Po&nbsp; liceum zauwa\u017cy\u0142am, \u017ce cz\u0119sto mam nabrzmia\u0142e, opuchni\u0119te d\u0142onie. Posz\u0142am do [&hellip;]<\/p>\n","protected":false},"author":1,"featured_media":0,"parent":0,"menu_order":0,"comment_status":"closed","ping_status":"closed","template":"","meta":{"_uag_custom_page_level_css":"","footnotes":""},"class_list":["post-46","page","type-page","status-publish","hentry"],"yoast_head":"<!-- This site is optimized with the Yoast SEO plugin v27.4 - https:\/\/yoast.com\/product\/yoast-seo-wordpress\/ -->\n<title>NASZE HISTORIE -<\/title>\n<meta name=\"description\" content=\"Akromegalia. Moja \u201eprzygoda\u201d z akromegali\u0105 zacz\u0119\u0142a si\u0119 ju\u017c w szkole \u015bredniej ( ok. 1992r ). D\u0142ugie r\u0119ce i d\u0142ugie nogi...\" \/>\n<meta name=\"robots\" content=\"index, follow, max-snippet:-1, max-image-preview:large, max-video-preview:-1\" \/>\n<link rel=\"canonical\" href=\"http:\/\/akromegalia.org.pl\/?page_id=46\" \/>\n<meta property=\"og:locale\" content=\"pl_PL\" \/>\n<meta property=\"og:type\" content=\"article\" \/>\n<meta property=\"og:title\" content=\"NASZE HISTORIE -\" \/>\n<meta property=\"og:description\" content=\"Akromegalia. Moja \u201eprzygoda\u201d z akromegali\u0105 zacz\u0119\u0142a si\u0119 ju\u017c w szkole \u015bredniej ( ok. 1992r ). D\u0142ugie r\u0119ce i d\u0142ugie nogi...\" \/>\n<meta property=\"og:url\" content=\"http:\/\/akromegalia.org.pl\/?page_id=46\" \/>\n<meta property=\"article:modified_time\" content=\"2021-12-13T08:54:41+00:00\" \/>\n<meta property=\"og:image\" content=\"http:\/\/akromegalia.org.pl\/wp-content\/uploads\/2021\/12\/orange-300x207.jpg\" \/>\n<meta name=\"twitter:card\" content=\"summary_large_image\" \/>\n<meta name=\"twitter:label1\" content=\"Szacowany czas czytania\" \/>\n\t<meta name=\"twitter:data1\" content=\"4 minuty\" \/>\n<script type=\"application\/ld+json\" class=\"yoast-schema-graph\">{\"@context\":\"https:\\\/\\\/schema.org\",\"@graph\":[{\"@type\":\"WebPage\",\"@id\":\"http:\\\/\\\/akromegalia.org.pl\\\/?page_id=46\",\"url\":\"http:\\\/\\\/akromegalia.org.pl\\\/?page_id=46\",\"name\":\"NASZE HISTORIE -\",\"isPartOf\":{\"@id\":\"http:\\\/\\\/akromegalia.org.pl\\\/#website\"},\"primaryImageOfPage\":{\"@id\":\"http:\\\/\\\/akromegalia.org.pl\\\/?page_id=46#primaryimage\"},\"image\":{\"@id\":\"http:\\\/\\\/akromegalia.org.pl\\\/?page_id=46#primaryimage\"},\"thumbnailUrl\":\"http:\\\/\\\/akromegalia.org.pl\\\/wp-content\\\/uploads\\\/2021\\\/12\\\/orange-300x207.jpg\",\"datePublished\":\"2021-10-25T10:29:58+00:00\",\"dateModified\":\"2021-12-13T08:54:41+00:00\",\"description\":\"Akromegalia. Moja \u201eprzygoda\u201d z akromegali\u0105 zacz\u0119\u0142a si\u0119 ju\u017c w szkole \u015bredniej ( ok. 1992r ). D\u0142ugie r\u0119ce i d\u0142ugie nogi...\",\"breadcrumb\":{\"@id\":\"http:\\\/\\\/akromegalia.org.pl\\\/?page_id=46#breadcrumb\"},\"inLanguage\":\"pl-PL\",\"potentialAction\":[{\"@type\":\"ReadAction\",\"target\":[\"http:\\\/\\\/akromegalia.org.pl\\\/?page_id=46\"]}]},{\"@type\":\"ImageObject\",\"inLanguage\":\"pl-PL\",\"@id\":\"http:\\\/\\\/akromegalia.org.pl\\\/?page_id=46#primaryimage\",\"url\":\"http:\\\/\\\/akromegalia.org.pl\\\/wp-content\\\/uploads\\\/2021\\\/12\\\/orange.jpg\",\"contentUrl\":\"http:\\\/\\\/akromegalia.org.pl\\\/wp-content\\\/uploads\\\/2021\\\/12\\\/orange.jpg\",\"width\":640,\"height\":442},{\"@type\":\"BreadcrumbList\",\"@id\":\"http:\\\/\\\/akromegalia.org.pl\\\/?page_id=46#breadcrumb\",\"itemListElement\":[{\"@type\":\"ListItem\",\"position\":1,\"name\":\"Home\",\"item\":\"http:\\\/\\\/akromegalia.org.pl\\\/\"},{\"@type\":\"ListItem\",\"position\":2,\"name\":\"NASZE HISTORIE\"}]},{\"@type\":\"WebSite\",\"@id\":\"http:\\\/\\\/akromegalia.org.pl\\\/#website\",\"url\":\"http:\\\/\\\/akromegalia.org.pl\\\/\",\"name\":\"\",\"description\":\"Stowarzyszenie Chorych z Akromegali\u0105 i Os\u00f3b Wspieraj\u0105cych\",\"potentialAction\":[{\"@type\":\"SearchAction\",\"target\":{\"@type\":\"EntryPoint\",\"urlTemplate\":\"http:\\\/\\\/akromegalia.org.pl\\\/?s={search_term_string}\"},\"query-input\":{\"@type\":\"PropertyValueSpecification\",\"valueRequired\":true,\"valueName\":\"search_term_string\"}}],\"inLanguage\":\"pl-PL\"}]}<\/script>\n<!-- \/ Yoast SEO plugin. -->","yoast_head_json":{"title":"NASZE HISTORIE -","description":"Akromegalia. Moja \u201eprzygoda\u201d z akromegali\u0105 zacz\u0119\u0142a si\u0119 ju\u017c w szkole \u015bredniej ( ok. 1992r ). D\u0142ugie r\u0119ce i d\u0142ugie nogi...","robots":{"index":"index","follow":"follow","max-snippet":"max-snippet:-1","max-image-preview":"max-image-preview:large","max-video-preview":"max-video-preview:-1"},"canonical":"http:\/\/akromegalia.org.pl\/?page_id=46","og_locale":"pl_PL","og_type":"article","og_title":"NASZE HISTORIE -","og_description":"Akromegalia. Moja \u201eprzygoda\u201d z akromegali\u0105 zacz\u0119\u0142a si\u0119 ju\u017c w szkole \u015bredniej ( ok. 1992r ). D\u0142ugie r\u0119ce i d\u0142ugie nogi...","og_url":"http:\/\/akromegalia.org.pl\/?page_id=46","article_modified_time":"2021-12-13T08:54:41+00:00","og_image":[{"url":"http:\/\/akromegalia.org.pl\/wp-content\/uploads\/2021\/12\/orange-300x207.jpg","type":"","width":"","height":""}],"twitter_card":"summary_large_image","twitter_misc":{"Szacowany czas czytania":"4 minuty"},"schema":{"@context":"https:\/\/schema.org","@graph":[{"@type":"WebPage","@id":"http:\/\/akromegalia.org.pl\/?page_id=46","url":"http:\/\/akromegalia.org.pl\/?page_id=46","name":"NASZE HISTORIE -","isPartOf":{"@id":"http:\/\/akromegalia.org.pl\/#website"},"primaryImageOfPage":{"@id":"http:\/\/akromegalia.org.pl\/?page_id=46#primaryimage"},"image":{"@id":"http:\/\/akromegalia.org.pl\/?page_id=46#primaryimage"},"thumbnailUrl":"http:\/\/akromegalia.org.pl\/wp-content\/uploads\/2021\/12\/orange-300x207.jpg","datePublished":"2021-10-25T10:29:58+00:00","dateModified":"2021-12-13T08:54:41+00:00","description":"Akromegalia. Moja \u201eprzygoda\u201d z akromegali\u0105 zacz\u0119\u0142a si\u0119 ju\u017c w szkole \u015bredniej ( ok. 1992r ). D\u0142ugie r\u0119ce i d\u0142ugie nogi...","breadcrumb":{"@id":"http:\/\/akromegalia.org.pl\/?page_id=46#breadcrumb"},"inLanguage":"pl-PL","potentialAction":[{"@type":"ReadAction","target":["http:\/\/akromegalia.org.pl\/?page_id=46"]}]},{"@type":"ImageObject","inLanguage":"pl-PL","@id":"http:\/\/akromegalia.org.pl\/?page_id=46#primaryimage","url":"http:\/\/akromegalia.org.pl\/wp-content\/uploads\/2021\/12\/orange.jpg","contentUrl":"http:\/\/akromegalia.org.pl\/wp-content\/uploads\/2021\/12\/orange.jpg","width":640,"height":442},{"@type":"BreadcrumbList","@id":"http:\/\/akromegalia.org.pl\/?page_id=46#breadcrumb","itemListElement":[{"@type":"ListItem","position":1,"name":"Home","item":"http:\/\/akromegalia.org.pl\/"},{"@type":"ListItem","position":2,"name":"NASZE HISTORIE"}]},{"@type":"WebSite","@id":"http:\/\/akromegalia.org.pl\/#website","url":"http:\/\/akromegalia.org.pl\/","name":"","description":"Stowarzyszenie Chorych z Akromegali\u0105 i Os\u00f3b Wspieraj\u0105cych","potentialAction":[{"@type":"SearchAction","target":{"@type":"EntryPoint","urlTemplate":"http:\/\/akromegalia.org.pl\/?s={search_term_string}"},"query-input":{"@type":"PropertyValueSpecification","valueRequired":true,"valueName":"search_term_string"}}],"inLanguage":"pl-PL"}]}},"uagb_featured_image_src":{"full":false,"thumbnail":false,"medium":false,"medium_large":false,"large":false,"1536x1536":false,"2048x2048":false,"post-thumbnail":false,"bizbell-blog":false,"bizbell-gallery":false,"bizbell-testimonial":false,"bizbell-team":false},"uagb_author_info":{"display_name":"adminanna","author_link":"http:\/\/akromegalia.org.pl\/?author=1"},"uagb_comment_info":0,"uagb_excerpt":"Moja \u201eprzygoda\u201d z akromegali\u0105 zacz\u0119\u0142a si\u0119 ju\u017c w szkole \u015bredniej ( ok. 1992r ). D\u0142ugie r\u0119ce i d\u0142ugie nogi sprawia\u0142y jednak tylko k\u0142opot techniczny: mia\u0142am k\u0142opot z zakupem ubra\u0144. Po&nbsp; liceum zauwa\u017cy\u0142am, \u017ce cz\u0119sto mam nabrzmia\u0142e, opuchni\u0119te d\u0142onie. Posz\u0142am do [&hellip;]","_links":{"self":[{"href":"http:\/\/akromegalia.org.pl\/index.php?rest_route=\/wp\/v2\/pages\/46","targetHints":{"allow":["GET"]}}],"collection":[{"href":"http:\/\/akromegalia.org.pl\/index.php?rest_route=\/wp\/v2\/pages"}],"about":[{"href":"http:\/\/akromegalia.org.pl\/index.php?rest_route=\/wp\/v2\/types\/page"}],"author":[{"embeddable":true,"href":"http:\/\/akromegalia.org.pl\/index.php?rest_route=\/wp\/v2\/users\/1"}],"replies":[{"embeddable":true,"href":"http:\/\/akromegalia.org.pl\/index.php?rest_route=%2Fwp%2Fv2%2Fcomments&post=46"}],"version-history":[{"count":9,"href":"http:\/\/akromegalia.org.pl\/index.php?rest_route=\/wp\/v2\/pages\/46\/revisions"}],"predecessor-version":[{"id":209,"href":"http:\/\/akromegalia.org.pl\/index.php?rest_route=\/wp\/v2\/pages\/46\/revisions\/209"}],"wp:attachment":[{"href":"http:\/\/akromegalia.org.pl\/index.php?rest_route=%2Fwp%2Fv2%2Fmedia&parent=46"}],"curies":[{"name":"wp","href":"https:\/\/api.w.org\/{rel}","templated":true}]}}